{"id":1417,"date":"2017-11-22T20:38:33","date_gmt":"2017-11-22T19:38:33","guid":{"rendered":"http:\/\/www.achtaranch.at\/shop\/?post_type=product&#038;p=1417"},"modified":"2018-11-03T08:13:06","modified_gmt":"2018-11-03T07:13:06","slug":"eiche-vollholz-stern-mit-grossen-teelichtern","status":"publish","type":"product","link":"http:\/\/www.achta.at\/?product=eiche-vollholz-stern-mit-grossen-teelichtern","title":{"rendered":"Eiche Vollholz Stern mit gro\u00dfen Teelichtern"},"content":{"rendered":"<p>Eichenholz Kerzenst\u00e4nder mit Sternform und zwei Messing Eins\u00e4tzen f\u00fcr Teelichter 6cm<\/p>\n<p>ca. H\u00f6he 18cm, Breite 20cm, St\u00e4rke 9cm<\/p>\n<div class=\"sharedaddy sd-sharing-enabled\"><div class=\"robots-nocontent sd-block sd-social sd-social-icon-text sd-sharing\"><div class=\"sd-content\"><ul><li class=\"share-print\"><a rel=\"nofollow noopener noreferrer\" data-shared=\"\" class=\"share-print sd-button share-icon\" href=\"http:\/\/www.achta.at\/?product=eiche-vollholz-stern-mit-grossen-teelichtern\" target=\"_blank\" title=\"Klicken zum Ausdrucken\"><span>Drucken<\/span><\/a><\/li><li class=\"share-facebook\"><a rel=\"nofollow noopener noreferrer\" data-shared=\"sharing-facebook-1417\" class=\"share-facebook sd-button share-icon\" href=\"http:\/\/www.achta.at\/?product=eiche-vollholz-stern-mit-grossen-teelichtern&amp;share=facebook\" target=\"_blank\" title=\"Klick, um auf Facebook zu teilen\"><span>Facebook<\/span><\/a><\/li><li class=\"share-jetpack-whatsapp\"><a rel=\"nofollow noopener noreferrer\" data-shared=\"\" class=\"share-jetpack-whatsapp sd-button share-icon\" href=\"http:\/\/www.achta.at\/?product=eiche-vollholz-stern-mit-grossen-teelichtern&amp;share=jetpack-whatsapp\" target=\"_blank\" title=\"Click to share on WhatsApp\"><span>WhatsApp<\/span><\/a><\/li><li class=\"share-end\"><\/li><\/ul><\/div><\/div><\/div>","protected":false},"excerpt":{"rendered":"<p>Eichenholz Kerzenst\u00e4nder mit Sternform und zwei Messing Eins\u00e4tzen f\u00fcr Teelichter 6cm<\/p>\n<p>ca. H\u00f6he 18cm, Breite 20cm, St\u00e4rke 9cm<\/p>\n<p>geschliffen, mit Bienenwachs poliert!<\/p>\n<p>Teilweise sch\u00f6n <strong>gestockte<\/strong> Eiche<\/p>\n<p>(Eine durch Stockschwamm hervorgerufene Maserung\/Zeichnung im Holz!)<\/p>\n<div class=\"sharedaddy sd-sharing-enabled\"><div class=\"robots-nocontent sd-block sd-social sd-social-icon-text sd-sharing\"><div class=\"sd-content\"><ul><li class=\"share-print\"><a rel=\"nofollow noopener noreferrer\" data-shared=\"\" class=\"share-print sd-button share-icon\" href=\"http:\/\/www.achta.at\/?product=eiche-vollholz-stern-mit-grossen-teelichtern\" target=\"_blank\" title=\"Klicken zum Ausdrucken\"><span>Drucken<\/span><\/a><\/li><li class=\"share-facebook\"><a rel=\"nofollow noopener noreferrer\" data-shared=\"sharing-facebook-1417\" class=\"share-facebook sd-button share-icon\" href=\"http:\/\/www.achta.at\/?product=eiche-vollholz-stern-mit-grossen-teelichtern&amp;share=facebook\" target=\"_blank\" title=\"Klick, um auf Facebook zu teilen\"><span>Facebook<\/span><\/a><\/li><li class=\"share-jetpack-whatsapp\"><a rel=\"nofollow noopener noreferrer\" data-shared=\"\" class=\"share-jetpack-whatsapp sd-button share-icon\" href=\"http:\/\/www.achta.at\/?product=eiche-vollholz-stern-mit-grossen-teelichtern&amp;share=jetpack-whatsapp\" target=\"_blank\" title=\"Click to share on WhatsApp\"><span>WhatsApp<\/span><\/a><\/li><li class=\"share-end\"><\/li><\/ul><\/div><\/div><\/div>","protected":false},"featured_media":1419,"comment_status":"open","ping_status":"closed","template":"","meta":{"sfsi_plus_gutenberg_text_before_share":"","sfsi_plus_gutenberg_show_text_before_share":"","sfsi_plus_gutenberg_icon_type":"","sfsi_plus_gutenberg_icon_alignemt":"","sfsi_plus_gutenburg_max_per_row":"","spay_email":""},"jetpack_sharing_enabled":true,"_links":{"self":[{"href":"http:\/\/www.achta.at\/index.php?rest_route=\/wp\/v2\/product\/1417"}],"collection":[{"href":"http:\/\/www.achta.at\/index.php?rest_route=\/wp\/v2\/product"}],"about":[{"href":"http:\/\/www.achta.at\/index.php?rest_route=\/wp\/v2\/types\/product"}],"replies":[{"embeddable":true,"href":"http:\/\/www.achta.at\/index.php?rest_route=%2Fwp%2Fv2%2Fcomments&post=1417"}],"wp:featuredmedia":[{"embeddable":true,"href":"http:\/\/www.achta.at\/index.php?rest_route=\/wp\/v2\/media\/1419"}],"wp:attachment":[{"href":"http:\/\/www.achta.at\/index.php?rest_route=%2Fwp%2Fv2%2Fmedia&parent=1417"}],"curies":[{"name":"wp","href":"https:\/\/api.w.org\/{rel}","templated":true}]}}