{"id":1241,"date":"2017-11-07T18:26:27","date_gmt":"2017-11-07T17:26:27","guid":{"rendered":"http:\/\/www.achtaranch.at\/shop\/?post_type=product&#038;p=1241"},"modified":"2017-11-07T18:47:17","modified_gmt":"2017-11-07T17:47:17","slug":"kerzenhalter-akazie-fuer-3-grosse-teelichter-mit-6cm","status":"publish","type":"product","link":"http:\/\/www.achta.at\/?product=kerzenhalter-akazie-fuer-3-grosse-teelichter-mit-6cm","title":{"rendered":"Kerzenhalter Akazie f\u00fcr 3 gro\u00dfe Teelichter mit 6cm"},"content":{"rendered":"<p>Kerzenhalter aus Akazineholz f\u00fcr 3 gro\u00dfe Teelichter mit Eins\u00e4tzen 6cm<\/p>\n<p>gehobelt, geschliffen &amp; gewachst<\/p>\n<p>32cm x 11 cm x 3,5cm<\/p>\n<div class=\"sharedaddy sd-sharing-enabled\"><div class=\"robots-nocontent sd-block sd-social sd-social-icon-text sd-sharing\"><div class=\"sd-content\"><ul><li class=\"share-print\"><a rel=\"nofollow noopener noreferrer\" data-shared=\"\" class=\"share-print sd-button share-icon\" href=\"http:\/\/www.achta.at\/?product=kerzenhalter-akazie-fuer-3-grosse-teelichter-mit-6cm\" target=\"_blank\" title=\"Klicken zum Ausdrucken\"><span>Drucken<\/span><\/a><\/li><li class=\"share-facebook\"><a rel=\"nofollow noopener noreferrer\" data-shared=\"sharing-facebook-1241\" class=\"share-facebook sd-button share-icon\" href=\"http:\/\/www.achta.at\/?product=kerzenhalter-akazie-fuer-3-grosse-teelichter-mit-6cm&amp;share=facebook\" target=\"_blank\" title=\"Klick, um auf Facebook zu teilen\"><span>Facebook<\/span><\/a><\/li><li class=\"share-jetpack-whatsapp\"><a rel=\"nofollow noopener noreferrer\" data-shared=\"\" class=\"share-jetpack-whatsapp sd-button share-icon\" href=\"http:\/\/www.achta.at\/?product=kerzenhalter-akazie-fuer-3-grosse-teelichter-mit-6cm&amp;share=jetpack-whatsapp\" target=\"_blank\" title=\"Click to share on WhatsApp\"><span>WhatsApp<\/span><\/a><\/li><li class=\"share-end\"><\/li><\/ul><\/div><\/div><\/div>","protected":false},"excerpt":{"rendered":"<p>Weihnachtliche Tischdekoration<\/p>\n<p>mit Eins\u00e4tzen Messing oder Silber-Blech<\/p>\n<div class=\"sharedaddy sd-sharing-enabled\"><div class=\"robots-nocontent sd-block sd-social sd-social-icon-text sd-sharing\"><div class=\"sd-content\"><ul><li class=\"share-print\"><a rel=\"nofollow noopener noreferrer\" data-shared=\"\" class=\"share-print sd-button share-icon\" href=\"http:\/\/www.achta.at\/?product=kerzenhalter-akazie-fuer-3-grosse-teelichter-mit-6cm\" target=\"_blank\" title=\"Klicken zum Ausdrucken\"><span>Drucken<\/span><\/a><\/li><li class=\"share-facebook\"><a rel=\"nofollow noopener noreferrer\" data-shared=\"sharing-facebook-1241\" class=\"share-facebook sd-button share-icon\" href=\"http:\/\/www.achta.at\/?product=kerzenhalter-akazie-fuer-3-grosse-teelichter-mit-6cm&amp;share=facebook\" target=\"_blank\" title=\"Klick, um auf Facebook zu teilen\"><span>Facebook<\/span><\/a><\/li><li class=\"share-jetpack-whatsapp\"><a rel=\"nofollow noopener noreferrer\" data-shared=\"\" class=\"share-jetpack-whatsapp sd-button share-icon\" href=\"http:\/\/www.achta.at\/?product=kerzenhalter-akazie-fuer-3-grosse-teelichter-mit-6cm&amp;share=jetpack-whatsapp\" target=\"_blank\" title=\"Click to share on WhatsApp\"><span>WhatsApp<\/span><\/a><\/li><li class=\"share-end\"><\/li><\/ul><\/div><\/div><\/div>","protected":false},"featured_media":1245,"comment_status":"open","ping_status":"closed","template":"","meta":{"sfsi_plus_gutenberg_text_before_share":"","sfsi_plus_gutenberg_show_text_before_share":"","sfsi_plus_gutenberg_icon_type":"","sfsi_plus_gutenberg_icon_alignemt":"","sfsi_plus_gutenburg_max_per_row":"","spay_email":""},"jetpack_sharing_enabled":true,"_links":{"self":[{"href":"http:\/\/www.achta.at\/index.php?rest_route=\/wp\/v2\/product\/1241"}],"collection":[{"href":"http:\/\/www.achta.at\/index.php?rest_route=\/wp\/v2\/product"}],"about":[{"href":"http:\/\/www.achta.at\/index.php?rest_route=\/wp\/v2\/types\/product"}],"replies":[{"embeddable":true,"href":"http:\/\/www.achta.at\/index.php?rest_route=%2Fwp%2Fv2%2Fcomments&post=1241"}],"wp:featuredmedia":[{"embeddable":true,"href":"http:\/\/www.achta.at\/index.php?rest_route=\/wp\/v2\/media\/1245"}],"wp:attachment":[{"href":"http:\/\/www.achta.at\/index.php?rest_route=%2Fwp%2Fv2%2Fmedia&parent=1241"}],"curies":[{"name":"wp","href":"https:\/\/api.w.org\/{rel}","templated":true}]}}